{"id":6896,"date":"2024-05-16T17:48:22","date_gmt":"2024-05-16T17:48:22","guid":{"rendered":"https:\/\/polyglotsphereols.com\/?post_type=product&#038;p=6896"},"modified":"2025-01-03T16:10:31","modified_gmt":"2025-01-03T16:10:31","slug":"individual-live-classes","status":"publish","type":"product","link":"https:\/\/polyglotsphereols.com\/es\/producto\/individual-live-classes\/","title":{"rendered":"Individual Live Classes"},"content":{"rendered":"<h4 class=\"tutor-segment-title\">Acerca de este curso<\/h4>\n<div class=\"tutor-course-content-content\">\n<p>\u00bfEst\u00e1s listo para llevar tu dominio del idioma al siguiente nivel? \u00a1\u00danete a nuestras din\u00e1micas clases individuales en vivo y comience hoy!<\/p>\n<p>\ud83d\udd39\u00a0<strong>Flexibilidad a tu alcance:\u00a0<\/strong>con nuestras convenientes opciones de programaci\u00f3n y disponibilidad, puedes reservar tus clases en un horario que se adapte a tu ajetreado estilo de vida. Estamos aqu\u00ed para satisfacer tus necesidades.<\/p>\n<p>\ud83d\udd39\u00a0<strong>Adaptabilidad para todos:\u00a0<\/strong>No importa tu edad o nivel actual, siempre adaptamos nuestros m\u00e9todos de ense\u00f1anza para satisfacer tus necesidades individuales. Nuestro enfoque personalizado garantiza que cada clase se adapte a sus objetivos espec\u00edficos y estilo de aprendizaje, maximizando tu progreso y confianza.<\/p>\n<p>\ud83d\udd39<strong>\u00a0Acceso de 30 d\u00edas:\u00a0<\/strong>despu\u00e9s de comprar tu pack de clases, tendr\u00e1s 30 d\u00edas para usar tus clases a tu propio ritmo. Aprovecha esta flexibilidad para adaptar perfectamente tu progreso a tu horario.<\/p>\n<p>Plazas limitadas disponibles: \u00a1asegura tu lugar hoy!<\/p>\n<\/div>","protected":false},"excerpt":{"rendered":"<p>About This Course Ready to take your language proficiency to the next level? Join our dynamic Individual Live Classes and start today! \ud83d\udd39\u00a0Flexibility at Your Fingertips:\u00a0With our convenient scheduling options and availability, you can book your classes at a time that suits your busy lifestyle. We\u2019re here to accommodate your needs. \ud83d\udd39\u00a0Adaptability for All:\u00a0No matter [&hellip;]<\/p>","protected":false},"featured_media":7739,"comment_status":"open","ping_status":"closed","template":"","meta":[],"product_cat":[222],"product_tag":[],"class_list":{"0":"post-6896","1":"product","2":"type-product","3":"status-publish","4":"has-post-thumbnail","6":"product_cat-course","8":"first","9":"instock","10":"sold-individually","11":"shipping-taxable","12":"purchasable","13":"product-type-variable"},"_links":{"self":[{"href":"https:\/\/polyglotsphereols.com\/es\/wp-json\/wp\/v2\/product\/6896"}],"collection":[{"href":"https:\/\/polyglotsphereols.com\/es\/wp-json\/wp\/v2\/product"}],"about":[{"href":"https:\/\/polyglotsphereols.com\/es\/wp-json\/wp\/v2\/types\/product"}],"replies":[{"embeddable":true,"href":"https:\/\/polyglotsphereols.com\/es\/wp-json\/wp\/v2\/comments?post=6896"}],"wp:featuredmedia":[{"embeddable":true,"href":"https:\/\/polyglotsphereols.com\/es\/wp-json\/wp\/v2\/media\/7739"}],"wp:attachment":[{"href":"https:\/\/polyglotsphereols.com\/es\/wp-json\/wp\/v2\/media?parent=6896"}],"wp:term":[{"taxonomy":"product_cat","embeddable":true,"href":"https:\/\/polyglotsphereols.com\/es\/wp-json\/wp\/v2\/product_cat?post=6896"},{"taxonomy":"product_tag","embeddable":true,"href":"https:\/\/polyglotsphereols.com\/es\/wp-json\/wp\/v2\/product_tag?post=6896"}],"curies":[{"name":"wp","href":"https:\/\/api.w.org\/{rel}","templated":true}]}}