{"id":6967,"date":"2024-05-16T18:47:20","date_gmt":"2024-05-16T18:47:20","guid":{"rendered":"https:\/\/polyglotsphereols.com\/?post_type=product&#038;p=6967"},"modified":"2025-01-02T06:45:17","modified_gmt":"2025-01-02T06:45:17","slug":"group-live-classes","status":"publish","type":"product","link":"https:\/\/polyglotsphereols.com\/es\/producto\/group-live-classes\/","title":{"rendered":"Group Live Classes"},"content":{"rendered":"<p><\/p>\r\n<p><\/p>\r\n<p>\u00bfEst\u00e1s listo para llevar tu dominio del idioma al siguiente nivel? \u00a1\u00danete a nuestras din\u00e1micas clases grupales en vivo y empieza hoy! Nuestros grupos tienen un m\u00e1ximo de 5 estudiantes a la vez.<\/p>\r\n<p><strong>Horario conveniente:<\/strong> nuestras clases grupales est\u00e1n programadas en varios horarios durante la semana, lo que ofrece flexibilidad para adaptarse a tu estilo de vida. Cont\u00e1ctanos antes de la compra para comprobar la disponibilidad.<\/p>\r\n<p><strong>Aprendizaje colaborativo:<\/strong> \u00fanete a una vibrante comunidad de entusiastas de los idiomas de todo el mundo. Interact\u00faa con compa\u00f1eros de clase, practica tu pronunciaci\u00f3n y aprende de las experiencias de los dem\u00e1s a medida que avanzamos juntos.<\/p>\r\n<p><strong>Acceso de 30 d\u00edas:<\/strong> despu\u00e9s de comprar tu pack de clases, tendr\u00e1s 30 d\u00edas para usar tus clases a tu propio ritmo. Aprovecha esta flexibilidad para adaptar perfectamente tu progreso a tu horario.<\/p>\r\n<p>Plazas limitadas disponibles: \u00a1asegura tu lugar hoy!<\/p>\r\n<p><\/p>\r\n<p><\/p>","protected":false},"excerpt":{"rendered":"","protected":false},"featured_media":7740,"comment_status":"open","ping_status":"closed","template":"","meta":[],"product_cat":[222],"product_tag":[],"class_list":{"0":"post-6967","1":"product","2":"type-product","3":"status-publish","4":"has-post-thumbnail","6":"product_cat-course","8":"first","9":"instock","10":"sold-individually","11":"shipping-taxable","12":"purchasable","13":"product-type-variable"},"_links":{"self":[{"href":"https:\/\/polyglotsphereols.com\/es\/wp-json\/wp\/v2\/product\/6967"}],"collection":[{"href":"https:\/\/polyglotsphereols.com\/es\/wp-json\/wp\/v2\/product"}],"about":[{"href":"https:\/\/polyglotsphereols.com\/es\/wp-json\/wp\/v2\/types\/product"}],"replies":[{"embeddable":true,"href":"https:\/\/polyglotsphereols.com\/es\/wp-json\/wp\/v2\/comments?post=6967"}],"wp:featuredmedia":[{"embeddable":true,"href":"https:\/\/polyglotsphereols.com\/es\/wp-json\/wp\/v2\/media\/7740"}],"wp:attachment":[{"href":"https:\/\/polyglotsphereols.com\/es\/wp-json\/wp\/v2\/media?parent=6967"}],"wp:term":[{"taxonomy":"product_cat","embeddable":true,"href":"https:\/\/polyglotsphereols.com\/es\/wp-json\/wp\/v2\/product_cat?post=6967"},{"taxonomy":"product_tag","embeddable":true,"href":"https:\/\/polyglotsphereols.com\/es\/wp-json\/wp\/v2\/product_tag?post=6967"}],"curies":[{"name":"wp","href":"https:\/\/api.w.org\/{rel}","templated":true}]}}